{"id":988,"date":"2014-05-02T13:50:00","date_gmt":"2014-05-02T10:50:00","guid":{"rendered":"https:\/\/www.lonna.fi\/info\/"},"modified":"2026-04-15T11:19:31","modified_gmt":"2026-04-15T08:19:31","slug":"contact-us","status":"publish","type":"page","link":"https:\/\/www.lonna.fi\/en\/contact-us\/","title":{"rendered":"Contact us \/ opening hours"},"content":{"rendered":"<div class=\"wpb-content-wrapper\"><p>[vc_row][vc_column][\/vc_column][\/vc_row][vc_row][vc_column width=&#8221;1\/2&#8243;][\/vc_column][vc_column width=&#8221;1\/2&#8243;][\/vc_column][\/vc_row][vc_row][vc_column][vc_column_text]<\/p>\n<h3>RESTAURANT AND MEETING\/PARTY FACILITIES<\/h3>\n<p>Reservations for the groups smaller than 10 guests from <a href=\"https:\/\/v2.tableonline.fi\/instabook\/bookings\/hmf2VTD\">booking calendar<\/a><\/p>\n<p>Inquiries about the day&#8217;s reservations directly from the restaurant +358 44 7199410. During the evenings we might be very busy, but will call back the latest next day.<\/p>\n<p><strong>In requests concerning our Mine Storehouses, please contact our Hanna.<\/strong><\/p>\n<p><strong>Please fill in the contact form provided for the groups larger than 10 guests at our restaurant. Contact form is also your go to when having meeting facility related requests behalf of the Yellow House and Guard House. <\/strong><\/p>\n<p><strong>We&#8217;ll be responding to all kinds of enquiries and phone calls between Monday and Friday.<\/strong><\/p>\n<p><strong>Island of Lonna is operated by Lonna Moments Oy.<\/strong>[\/vc_column_text][vc_single_image image=&#8221;2257&#8243;][vc_column_text]<strong>Hanna Tanner<\/strong><br \/>\nMine Storehouses sales<br \/>\n<a href=\"mailto:hanna@lonna.fi\">hanna@lonna.fi<\/a><br \/>\n+358 44 7199411[\/vc_column_text][vc_single_image image=&#8221;2848&#8243;][vc_column_text]<strong>Tellu Hautala<\/strong><br \/>\nrestaurant manager<br \/>\n<a href=\"mailto:tellu@lonna.fi\">tellu@lonna.fi<\/a><br \/>\n+358 44 2392690[\/vc_column_text][vc_single_image image=&#8221;1247&#8243;][vc_column_text]<strong>Tomi Laakso<\/strong><br \/>\nhead chef<br \/>\n<a href=\"mailto:tomi@lonna.fi\">tomi@lonna.fi<\/a><br \/>\n+358 44 7199407[\/vc_column_text][vc_single_image image=&#8221;2083&#8243;][vc_column_text]<strong>Tanja Arom\u00e4ki<\/strong><br \/>\ngroup sales<br \/>\n<a href=\"mailto:tanja@lonna.fi\">tanja@lonna.fi<\/a><br \/>\n+358 44 7300300[\/vc_column_text][\/vc_column][\/vc_row][vc_row][vc_column width=&#8221;1\/2&#8243;][\/vc_column][\/vc_row][vc_row][vc_column][vc_column_text]<strong>SAUNA RECEPTION\u00a0<\/strong><\/p>\n<p>+358447199409<\/p>\n<p><a href=\"mailto:sauna@lonna.fi\">sauna@lonna.fi<\/a><\/p>\n<p>All the phone calls and messages will be answered during the reception opening times.[\/vc_column_text][vc_column_text][\/vc_column_text][\/vc_column][\/vc_row][vc_row][vc_column width=&#8221;1\/2&#8243;][vc_single_image image=&#8221;1251&#8243;][vc_column_text]<strong>Ville W\u00e4\u00e4n\u00e4nen <\/strong><br \/>\ngeneral manager<br \/>\n<a href=\"mailto:ville.waananen@fregatti.fi\">ville.waananen@fregatti.fi<\/a><br \/>\n+358 40 5302783[\/vc_column_text][\/vc_column][vc_column width=&#8221;1\/2&#8243;][\/vc_column][\/vc_row]<\/p>\n<\/div>","protected":false},"excerpt":{"rendered":"<p>[vc_row][vc_column][\/vc_column][\/vc_row][vc_row][vc_column width=&#8221;1\/2&#8243;][\/vc_column][vc_column width=&#8221;1\/2&#8243;][\/vc_column][\/vc_row][vc_row][vc_column][vc_column_text] RESTAURANT AND MEETING\/PARTY FACILITIES Reservations for the groups smaller than 10 guests&#8230;<\/p>\n","protected":false},"author":1,"featured_media":2086,"parent":0,"menu_order":15,"comment_status":"open","ping_status":"open","template":"","meta":{"_acf_changed":false,"footnotes":""},"class_list":["post-988","page","type-page","status-publish","has-post-thumbnail","hentry"],"acf":[],"_links":{"self":[{"href":"https:\/\/www.lonna.fi\/en\/wp-json\/wp\/v2\/pages\/988","targetHints":{"allow":["GET"]}}],"collection":[{"href":"https:\/\/www.lonna.fi\/en\/wp-json\/wp\/v2\/pages"}],"about":[{"href":"https:\/\/www.lonna.fi\/en\/wp-json\/wp\/v2\/types\/page"}],"author":[{"embeddable":true,"href":"https:\/\/www.lonna.fi\/en\/wp-json\/wp\/v2\/users\/1"}],"replies":[{"embeddable":true,"href":"https:\/\/www.lonna.fi\/en\/wp-json\/wp\/v2\/comments?post=988"}],"version-history":[{"count":228,"href":"https:\/\/www.lonna.fi\/en\/wp-json\/wp\/v2\/pages\/988\/revisions"}],"predecessor-version":[{"id":3395,"href":"https:\/\/www.lonna.fi\/en\/wp-json\/wp\/v2\/pages\/988\/revisions\/3395"}],"wp:featuredmedia":[{"embeddable":true,"href":"https:\/\/www.lonna.fi\/en\/wp-json\/wp\/v2\/media\/2086"}],"wp:attachment":[{"href":"https:\/\/www.lonna.fi\/en\/wp-json\/wp\/v2\/media?parent=988"}],"curies":[{"name":"wp","href":"https:\/\/api.w.org\/{rel}","templated":true}]}}